{"id":34,"date":"2023-07-09T11:50:45","date_gmt":"2023-07-09T09:50:45","guid":{"rendered":"https:\/\/javierdelia.com\/?page_id=34"},"modified":"2025-10-11T06:15:27","modified_gmt":"2025-10-11T04:15:27","slug":"deporte","status":"publish","type":"page","link":"https:\/\/javierdelia.com\/index.php\/deporte\/","title":{"rendered":"Peques"},"content":{"rendered":"\t\t<div data-elementor-type=\"wp-page\" data-elementor-id=\"34\" class=\"elementor elementor-34\">\n\t\t\t\t\t\t<section class=\"elementor-section elementor-top-section elementor-element elementor-element-0b8c570 elementor-section-boxed elementor-section-height-default elementor-section-height-default elementor-invisible\" data-id=\"0b8c570\" data-element_type=\"section\" data-e-type=\"section\" data-settings=\"{&quot;animation&quot;:&quot;slideInLeft&quot;}\">\n\t\t\t\t\t\t<div class=\"elementor-container elementor-column-gap-default\">\n\t\t\t\t\t<div class=\"elementor-column elementor-col-33 elementor-top-column elementor-element elementor-element-e7bdf96\" data-id=\"e7bdf96\" data-element_type=\"column\" data-e-type=\"column\">\n\t\t\t<div class=\"elementor-widget-wrap elementor-element-populated\">\n\t\t\t\t\t\t<div class=\"elementor-element elementor-element-4e4eab3 elementor-widget elementor-widget-image\" data-id=\"4e4eab3\" data-element_type=\"widget\" data-e-type=\"widget\" data-widget_type=\"image.default\">\n\t\t\t\t<div class=\"elementor-widget-container\">\n\t\t\t\t\t\t\t\t\t\t\t\t\t\t\t<img fetchpriority=\"high\" decoding=\"async\" width=\"683\" height=\"1024\" src=\"https:\/\/javierdelia.com\/wp-content\/uploads\/2023\/07\/Marina-y-Vera-26-683x1024.jpg\" class=\"attachment-large size-large wp-image-110\" alt=\"\" srcset=\"https:\/\/javierdelia.com\/wp-content\/uploads\/2023\/07\/Marina-y-Vera-26-683x1024.jpg 683w, https:\/\/javierdelia.com\/wp-content\/uploads\/2023\/07\/Marina-y-Vera-26-200x300.jpg 200w, https:\/\/javierdelia.com\/wp-content\/uploads\/2023\/07\/Marina-y-Vera-26-768x1152.jpg 768w, https:\/\/javierdelia.com\/wp-content\/uploads\/2023\/07\/Marina-y-Vera-26.jpg 1000w\" sizes=\"(max-width: 683px) 100vw, 683px\" \/>\t\t\t\t\t\t\t\t\t\t\t\t\t\t\t<\/div>\n\t\t\t\t<\/div>\n\t\t\t\t\t<\/div>\n\t\t<\/div>\n\t\t\t\t<div class=\"elementor-column elementor-col-33 elementor-top-column elementor-element elementor-element-52e1a89\" data-id=\"52e1a89\" data-element_type=\"column\" data-e-type=\"column\">\n\t\t\t<div class=\"elementor-widget-wrap elementor-element-populated\">\n\t\t\t\t\t\t<div class=\"elementor-element elementor-element-c1bbff2 elementor-widget elementor-widget-image\" data-id=\"c1bbff2\" data-element_type=\"widget\" data-e-type=\"widget\" data-widget_type=\"image.default\">\n\t\t\t\t<div class=\"elementor-widget-container\">\n\t\t\t\t\t\t\t\t\t\t\t\t\t\t\t<img decoding=\"async\" width=\"683\" height=\"1024\" src=\"https:\/\/javierdelia.com\/wp-content\/uploads\/2023\/07\/www.javierdelia.com-3-683x1024.jpg\" class=\"attachment-large size-large wp-image-108\" alt=\"\" srcset=\"https:\/\/javierdelia.com\/wp-content\/uploads\/2023\/07\/www.javierdelia.com-3-683x1024.jpg 683w, https:\/\/javierdelia.com\/wp-content\/uploads\/2023\/07\/www.javierdelia.com-3-200x300.jpg 200w, https:\/\/javierdelia.com\/wp-content\/uploads\/2023\/07\/www.javierdelia.com-3-768x1152.jpg 768w, https:\/\/javierdelia.com\/wp-content\/uploads\/2023\/07\/www.javierdelia.com-3.jpg 1000w\" sizes=\"(max-width: 683px) 100vw, 683px\" \/>\t\t\t\t\t\t\t\t\t\t\t\t\t\t\t<\/div>\n\t\t\t\t<\/div>\n\t\t\t\t\t<\/div>\n\t\t<\/div>\n\t\t\t\t<div class=\"elementor-column elementor-col-33 elementor-top-column elementor-element elementor-element-cdb5287\" data-id=\"cdb5287\" data-element_type=\"column\" data-e-type=\"column\">\n\t\t\t<div class=\"elementor-widget-wrap elementor-element-populated\">\n\t\t\t\t\t\t<div class=\"elementor-element elementor-element-f61d1db elementor-widget elementor-widget-image\" data-id=\"f61d1db\" data-element_type=\"widget\" data-e-type=\"widget\" data-widget_type=\"image.default\">\n\t\t\t\t<div class=\"elementor-widget-container\">\n\t\t\t\t\t\t\t\t\t\t\t\t\t\t\t<img decoding=\"async\" width=\"683\" height=\"1024\" src=\"https:\/\/javierdelia.com\/wp-content\/uploads\/2023\/07\/Marina-y-Vera-27-683x1024.jpg\" class=\"attachment-large size-large wp-image-109\" alt=\"\" srcset=\"https:\/\/javierdelia.com\/wp-content\/uploads\/2023\/07\/Marina-y-Vera-27-683x1024.jpg 683w, https:\/\/javierdelia.com\/wp-content\/uploads\/2023\/07\/Marina-y-Vera-27-200x300.jpg 200w, https:\/\/javierdelia.com\/wp-content\/uploads\/2023\/07\/Marina-y-Vera-27-768x1152.jpg 768w, https:\/\/javierdelia.com\/wp-content\/uploads\/2023\/07\/Marina-y-Vera-27.jpg 1000w\" sizes=\"(max-width: 683px) 100vw, 683px\" \/>\t\t\t\t\t\t\t\t\t\t\t\t\t\t\t<\/div>\n\t\t\t\t<\/div>\n\t\t\t\t\t<\/div>\n\t\t<\/div>\n\t\t\t\t\t<\/div>\n\t\t<\/section>\n\t\t\t\t<section class=\"elementor-section elementor-top-section elementor-element elementor-element-1065bcd elementor-section-boxed elementor-section-height-default elementor-section-height-default\" data-id=\"1065bcd\" data-element_type=\"section\" data-e-type=\"section\">\n\t\t\t\t\t\t<div class=\"elementor-container elementor-column-gap-default\">\n\t\t\t\t\t<div class=\"elementor-column elementor-col-100 elementor-top-column elementor-element elementor-element-30d95f4\" data-id=\"30d95f4\" data-element_type=\"column\" data-e-type=\"column\">\n\t\t\t<div class=\"elementor-widget-wrap elementor-element-populated\">\n\t\t\t\t\t\t<div class=\"elementor-element elementor-element-4f976a6 elementor-widget elementor-widget-spacer\" data-id=\"4f976a6\" data-element_type=\"widget\" data-e-type=\"widget\" data-widget_type=\"spacer.default\">\n\t\t\t\t<div class=\"elementor-widget-container\">\n\t\t\t\t\t\t\t<div class=\"elementor-spacer\">\n\t\t\t<div class=\"elementor-spacer-inner\"><\/div>\n\t\t<\/div>\n\t\t\t\t\t\t<\/div>\n\t\t\t\t<\/div>\n\t\t\t\t\t<\/div>\n\t\t<\/div>\n\t\t\t\t\t<\/div>\n\t\t<\/section>\n\t\t\t\t<section class=\"elementor-section elementor-top-section elementor-element elementor-element-eb9739a elementor-section-boxed elementor-section-height-default elementor-section-height-default\" data-id=\"eb9739a\" data-element_type=\"section\" data-e-type=\"section\">\n\t\t\t\t\t\t<div class=\"elementor-container elementor-column-gap-default\">\n\t\t\t\t\t<div class=\"elementor-column elementor-col-100 elementor-top-column elementor-element elementor-element-6f0ef4e\" data-id=\"6f0ef4e\" data-element_type=\"column\" data-e-type=\"column\">\n\t\t\t<div class=\"elementor-widget-wrap elementor-element-populated\">\n\t\t\t\t\t\t<div class=\"elementor-element elementor-element-34c8cfd elementor-widget elementor-widget-text-editor\" data-id=\"34c8cfd\" data-element_type=\"widget\" data-e-type=\"widget\" data-widget_type=\"text-editor.default\">\n\t\t\t\t<div class=\"elementor-widget-container\">\n\t\t\t\t\t\t\t\t\t<p>Recuerda que la fotograf\u00eda de tus hijos no se trata solo de obtener im\u00e1genes hermosas, sino tambi\u00e9n de disfrutar el proceso y crear recuerdos significativos. Las fotograf\u00edas son una forma especial de preservar la magia de la infancia y atesorar momentos que pasan r\u00e1pidamente.<\/p>\t\t\t\t\t\t\t\t<\/div>\n\t\t\t\t<\/div>\n\t\t\t\t\t<\/div>\n\t\t<\/div>\n\t\t\t\t\t<\/div>\n\t\t<\/section>\n\t\t\t\t<section class=\"elementor-section elementor-top-section elementor-element elementor-element-a7c1ebb elementor-section-boxed elementor-section-height-default elementor-section-height-default\" data-id=\"a7c1ebb\" data-element_type=\"section\" data-e-type=\"section\">\n\t\t\t\t\t\t<div class=\"elementor-container elementor-column-gap-default\">\n\t\t\t\t\t<div class=\"elementor-column elementor-col-100 elementor-top-column elementor-element elementor-element-52efefd\" data-id=\"52efefd\" data-element_type=\"column\" data-e-type=\"column\">\n\t\t\t<div class=\"elementor-widget-wrap elementor-element-populated\">\n\t\t\t\t\t\t<div class=\"elementor-element elementor-element-8c83a7c elementor-widget elementor-widget-spacer\" data-id=\"8c83a7c\" data-element_type=\"widget\" data-e-type=\"widget\" data-widget_type=\"spacer.default\">\n\t\t\t\t<div class=\"elementor-widget-container\">\n\t\t\t\t\t\t\t<div class=\"elementor-spacer\">\n\t\t\t<div class=\"elementor-spacer-inner\"><\/div>\n\t\t<\/div>\n\t\t\t\t\t\t<\/div>\n\t\t\t\t<\/div>\n\t\t\t\t\t<\/div>\n\t\t<\/div>\n\t\t\t\t\t<\/div>\n\t\t<\/section>\n\t\t\t\t<section class=\"elementor-section elementor-top-section elementor-element elementor-element-94a69a0 elementor-section-boxed elementor-section-height-default elementor-section-height-default\" data-id=\"94a69a0\" data-element_type=\"section\" data-e-type=\"section\">\n\t\t\t\t\t\t<div class=\"elementor-container elementor-column-gap-default\">\n\t\t\t\t\t<div class=\"elementor-column elementor-col-100 elementor-top-column elementor-element elementor-element-694d84e\" data-id=\"694d84e\" data-element_type=\"column\" data-e-type=\"column\">\n\t\t\t<div class=\"elementor-widget-wrap elementor-element-populated\">\n\t\t\t\t\t\t<div class=\"elementor-element elementor-element-3ba70bf elementor-widget elementor-widget-image\" data-id=\"3ba70bf\" data-element_type=\"widget\" data-e-type=\"widget\" data-widget_type=\"image.default\">\n\t\t\t\t<div class=\"elementor-widget-container\">\n\t\t\t\t\t\t\t\t\t\t\t\t\t\t\t<img loading=\"lazy\" decoding=\"async\" width=\"960\" height=\"640\" src=\"https:\/\/javierdelia.com\/wp-content\/uploads\/2023\/07\/www.javierdelia.com-1-1024x683.jpg\" class=\"attachment-large size-large wp-image-106\" alt=\"\" srcset=\"https:\/\/javierdelia.com\/wp-content\/uploads\/2023\/07\/www.javierdelia.com-1-1024x683.jpg 1024w, https:\/\/javierdelia.com\/wp-content\/uploads\/2023\/07\/www.javierdelia.com-1-300x200.jpg 300w, https:\/\/javierdelia.com\/wp-content\/uploads\/2023\/07\/www.javierdelia.com-1-768x512.jpg 768w, https:\/\/javierdelia.com\/wp-content\/uploads\/2023\/07\/www.javierdelia.com-1.jpg 1500w\" sizes=\"(max-width: 960px) 100vw, 960px\" \/>\t\t\t\t\t\t\t\t\t\t\t\t\t\t\t<\/div>\n\t\t\t\t<\/div>\n\t\t\t\t\t<\/div>\n\t\t<\/div>\n\t\t\t\t\t<\/div>\n\t\t<\/section>\n\t\t\t\t<section class=\"elementor-section elementor-top-section elementor-element elementor-element-fd349a0 elementor-section-boxed elementor-section-height-default elementor-section-height-default\" data-id=\"fd349a0\" data-element_type=\"section\" data-e-type=\"section\">\n\t\t\t\t\t\t<div class=\"elementor-container elementor-column-gap-default\">\n\t\t\t\t\t<div class=\"elementor-column elementor-col-100 elementor-top-column elementor-element elementor-element-71a7ab8\" data-id=\"71a7ab8\" data-element_type=\"column\" data-e-type=\"column\">\n\t\t\t<div class=\"elementor-widget-wrap elementor-element-populated\">\n\t\t\t\t\t\t<div class=\"elementor-element elementor-element-030ded8 elementor-widget-divider--view-line elementor-widget elementor-widget-divider\" data-id=\"030ded8\" data-element_type=\"widget\" data-e-type=\"widget\" data-widget_type=\"divider.default\">\n\t\t\t\t<div class=\"elementor-widget-container\">\n\t\t\t\t\t\t\t<div class=\"elementor-divider\">\n\t\t\t<span class=\"elementor-divider-separator\">\n\t\t\t\t\t\t<\/span>\n\t\t<\/div>\n\t\t\t\t\t\t<\/div>\n\t\t\t\t<\/div>\n\t\t\t\t\t<\/div>\n\t\t<\/div>\n\t\t\t\t\t<\/div>\n\t\t<\/section>\n\t\t\t\t<section class=\"elementor-section elementor-top-section elementor-element elementor-element-52ee6d4 elementor-section-boxed elementor-section-height-default elementor-section-height-default\" data-id=\"52ee6d4\" data-element_type=\"section\" data-e-type=\"section\">\n\t\t\t\t\t\t<div class=\"elementor-container elementor-column-gap-default\">\n\t\t\t\t\t<div class=\"elementor-column elementor-col-100 elementor-top-column elementor-element elementor-element-28a9b5b\" data-id=\"28a9b5b\" data-element_type=\"column\" data-e-type=\"column\">\n\t\t\t<div class=\"elementor-widget-wrap elementor-element-populated\">\n\t\t\t\t\t\t<div class=\"elementor-element elementor-element-09565eb elementor-widget elementor-widget-text-editor\" data-id=\"09565eb\" data-element_type=\"widget\" data-e-type=\"widget\" data-widget_type=\"text-editor.default\">\n\t\t\t\t<div class=\"elementor-widget-container\">\n\t\t\t\t\t\t\t\t\t<p>Capturando momentos preciosos de la maternidad y la infancia! Soy Javier D&#8217;Elia, un apasionado fot\u00f3grafo especializado en retratos de ni\u00f1os y emocionantes sesiones de premam\u00e1. Con un enfoque art\u00edstico y un ojo atento a los detalles, mi objetivo es capturar la esencia y la belleza de cada etapa de la vida.<\/p><p>Cuando se trata de las sesiones de premam\u00e1, mi objetivo es crear un ambiente c\u00e1lido y c\u00f3modo para las futuras mam\u00e1s. Entiendo la importancia de capturar la conexi\u00f3n especial entre madre e hijo antes del nacimiento. Trabajo de cerca con las mam\u00e1s para resaltar su belleza y reflejar toda la emoci\u00f3n y anticipaci\u00f3n que rodea la llegada del beb\u00e9E`<\/p>\t\t\t\t\t\t\t\t<\/div>\n\t\t\t\t<\/div>\n\t\t\t\t\t<\/div>\n\t\t<\/div>\n\t\t\t\t\t<\/div>\n\t\t<\/section>\n\t\t\t\t<section class=\"elementor-section elementor-top-section elementor-element elementor-element-4d8681d elementor-section-boxed elementor-section-height-default elementor-section-height-default\" data-id=\"4d8681d\" data-element_type=\"section\" data-e-type=\"section\">\n\t\t\t\t\t\t<div class=\"elementor-container elementor-column-gap-default\">\n\t\t\t\t\t<div class=\"elementor-column elementor-col-100 elementor-top-column elementor-element elementor-element-ac1c4a0\" data-id=\"ac1c4a0\" data-element_type=\"column\" data-e-type=\"column\">\n\t\t\t<div class=\"elementor-widget-wrap elementor-element-populated\">\n\t\t\t\t\t\t<div class=\"elementor-element elementor-element-91db2e1 elementor-widget-divider--view-line elementor-widget elementor-widget-divider\" data-id=\"91db2e1\" data-element_type=\"widget\" data-e-type=\"widget\" data-widget_type=\"divider.default\">\n\t\t\t\t<div class=\"elementor-widget-container\">\n\t\t\t\t\t\t\t<div class=\"elementor-divider\">\n\t\t\t<span class=\"elementor-divider-separator\">\n\t\t\t\t\t\t<\/span>\n\t\t<\/div>\n\t\t\t\t\t\t<\/div>\n\t\t\t\t<\/div>\n\t\t\t\t\t<\/div>\n\t\t<\/div>\n\t\t\t\t\t<\/div>\n\t\t<\/section>\n\t\t\t\t<section class=\"elementor-section elementor-top-section elementor-element elementor-element-3dac0d5 elementor-section-boxed elementor-section-height-default elementor-section-height-default\" data-id=\"3dac0d5\" data-element_type=\"section\" data-e-type=\"section\">\n\t\t\t\t\t\t<div class=\"elementor-container elementor-column-gap-default\">\n\t\t\t\t\t<div class=\"elementor-column elementor-col-100 elementor-top-column elementor-element elementor-element-2bcd268\" data-id=\"2bcd268\" data-element_type=\"column\" data-e-type=\"column\">\n\t\t\t<div class=\"elementor-widget-wrap elementor-element-populated\">\n\t\t\t\t\t\t<div class=\"elementor-element elementor-element-5034f47 elementor-widget-divider--view-line elementor-widget elementor-widget-divider\" data-id=\"5034f47\" data-element_type=\"widget\" data-e-type=\"widget\" data-widget_type=\"divider.default\">\n\t\t\t\t<div class=\"elementor-widget-container\">\n\t\t\t\t\t\t\t<div class=\"elementor-divider\">\n\t\t\t<span class=\"elementor-divider-separator\">\n\t\t\t\t\t\t<\/span>\n\t\t<\/div>\n\t\t\t\t\t\t<\/div>\n\t\t\t\t<\/div>\n\t\t\t\t\t<\/div>\n\t\t<\/div>\n\t\t\t\t\t<\/div>\n\t\t<\/section>\n\t\t\t\t<\/div>\n\t\t","protected":false},"excerpt":{"rendered":"<p>Recuerda que la fotograf\u00eda de tus hijos no se trata solo de obtener im\u00e1genes hermosas, sino tambi\u00e9n de disfrutar el proceso y crear recuerdos significativos. Las fotograf\u00edas son una forma especial de preservar la magia de la infancia y atesorar momentos que pasan r\u00e1pidamente. Capturando momentos preciosos de la maternidad y la infancia! Soy Javier &hellip;<\/p>\n","protected":false},"author":1,"featured_media":0,"parent":0,"menu_order":0,"comment_status":"closed","ping_status":"closed","template":"","meta":{"footnotes":""},"class_list":["post-34","page","type-page","status-publish","hentry"],"_links":{"self":[{"href":"https:\/\/javierdelia.com\/index.php\/wp-json\/wp\/v2\/pages\/34","targetHints":{"allow":["GET"]}}],"collection":[{"href":"https:\/\/javierdelia.com\/index.php\/wp-json\/wp\/v2\/pages"}],"about":[{"href":"https:\/\/javierdelia.com\/index.php\/wp-json\/wp\/v2\/types\/page"}],"author":[{"embeddable":true,"href":"https:\/\/javierdelia.com\/index.php\/wp-json\/wp\/v2\/users\/1"}],"replies":[{"embeddable":true,"href":"https:\/\/javierdelia.com\/index.php\/wp-json\/wp\/v2\/comments?post=34"}],"version-history":[{"count":28,"href":"https:\/\/javierdelia.com\/index.php\/wp-json\/wp\/v2\/pages\/34\/revisions"}],"predecessor-version":[{"id":446,"href":"https:\/\/javierdelia.com\/index.php\/wp-json\/wp\/v2\/pages\/34\/revisions\/446"}],"wp:attachment":[{"href":"https:\/\/javierdelia.com\/index.php\/wp-json\/wp\/v2\/media?parent=34"}],"curies":[{"name":"wp","href":"https:\/\/api.w.org\/{rel}","templated":true}]}}