{"id":88,"date":"2023-07-12T13:16:34","date_gmt":"2023-07-12T11:16:34","guid":{"rendered":"https:\/\/javierdelia.com\/?page_id=88"},"modified":"2025-10-14T07:29:32","modified_gmt":"2025-10-14T05:29:32","slug":"conoceme","status":"publish","type":"page","link":"https:\/\/javierdelia.com\/index.php\/conoceme\/","title":{"rendered":"Con\u00f3ceme"},"content":{"rendered":"\t\t<div data-elementor-type=\"wp-page\" data-elementor-id=\"88\" class=\"elementor elementor-88\">\n\t\t\t\t\t\t<section class=\"elementor-section elementor-top-section elementor-element elementor-element-ce2c405 elementor-section-boxed elementor-section-height-default elementor-section-height-default\" data-id=\"ce2c405\" data-element_type=\"section\" data-e-type=\"section\">\n\t\t\t\t\t\t<div class=\"elementor-container elementor-column-gap-default\">\n\t\t\t\t\t<div class=\"elementor-column elementor-col-50 elementor-top-column elementor-element elementor-element-c8c2558\" data-id=\"c8c2558\" data-element_type=\"column\" data-e-type=\"column\">\n\t\t\t<div class=\"elementor-widget-wrap elementor-element-populated\">\n\t\t\t\t\t\t<div class=\"elementor-element elementor-element-ff2c764 elementor-widget elementor-widget-image\" data-id=\"ff2c764\" data-element_type=\"widget\" data-e-type=\"widget\" data-widget_type=\"image.default\">\n\t\t\t\t<div class=\"elementor-widget-container\">\n\t\t\t\t\t\t\t\t\t\t\t\t\t\t\t<img decoding=\"async\" width=\"300\" height=\"78\" src=\"https:\/\/javierdelia.com\/wp-content\/uploads\/2025\/10\/Logo-en-mutacion-coertgpia-300x78.png\" class=\"attachment-medium size-medium wp-image-450\" alt=\"\" srcset=\"https:\/\/javierdelia.com\/wp-content\/uploads\/2025\/10\/Logo-en-mutacion-coertgpia-300x78.png 300w, https:\/\/javierdelia.com\/wp-content\/uploads\/2025\/10\/Logo-en-mutacion-coertgpia-1024x266.png 1024w, https:\/\/javierdelia.com\/wp-content\/uploads\/2025\/10\/Logo-en-mutacion-coertgpia-768x199.png 768w, https:\/\/javierdelia.com\/wp-content\/uploads\/2025\/10\/Logo-en-mutacion-coertgpia.png 1386w\" sizes=\"(max-width: 300px) 100vw, 300px\" \/>\t\t\t\t\t\t\t\t\t\t\t\t\t\t\t<\/div>\n\t\t\t\t<\/div>\n\t\t\t\t\t<\/div>\n\t\t<\/div>\n\t\t\t\t<div class=\"elementor-column elementor-col-50 elementor-top-column elementor-element elementor-element-1d37405\" data-id=\"1d37405\" data-element_type=\"column\" data-e-type=\"column\">\n\t\t\t<div class=\"elementor-widget-wrap\">\n\t\t\t\t\t\t\t<\/div>\n\t\t<\/div>\n\t\t\t\t\t<\/div>\n\t\t<\/section>\n\t\t\t\t<section class=\"elementor-section elementor-top-section elementor-element elementor-element-9ec31bc elementor-section-boxed elementor-section-height-default elementor-section-height-default\" data-id=\"9ec31bc\" data-element_type=\"section\" data-e-type=\"section\">\n\t\t\t\t\t\t<div class=\"elementor-container elementor-column-gap-default\">\n\t\t\t\t\t<div class=\"elementor-column elementor-col-100 elementor-top-column elementor-element elementor-element-d157094\" data-id=\"d157094\" data-element_type=\"column\" data-e-type=\"column\">\n\t\t\t<div class=\"elementor-widget-wrap\">\n\t\t\t\t\t\t\t<\/div>\n\t\t<\/div>\n\t\t\t\t\t<\/div>\n\t\t<\/section>\n\t\t\t\t<section class=\"elementor-section elementor-top-section elementor-element elementor-element-04765e3 elementor-section-boxed elementor-section-height-default elementor-section-height-default\" data-id=\"04765e3\" data-element_type=\"section\" data-e-type=\"section\">\n\t\t\t\t\t\t<div class=\"elementor-container elementor-column-gap-default\">\n\t\t\t\t\t<div class=\"elementor-column elementor-col-100 elementor-top-column elementor-element elementor-element-4f3a6b5\" data-id=\"4f3a6b5\" data-element_type=\"column\" data-e-type=\"column\">\n\t\t\t<div class=\"elementor-widget-wrap elementor-element-populated\">\n\t\t\t\t\t\t<div class=\"elementor-element elementor-element-ee721c1 elementor-widget-divider--view-line elementor-widget elementor-widget-divider\" data-id=\"ee721c1\" data-element_type=\"widget\" data-e-type=\"widget\" data-widget_type=\"divider.default\">\n\t\t\t\t<div class=\"elementor-widget-container\">\n\t\t\t\t\t\t\t<div class=\"elementor-divider\">\n\t\t\t<span class=\"elementor-divider-separator\">\n\t\t\t\t\t\t<\/span>\n\t\t<\/div>\n\t\t\t\t\t\t<\/div>\n\t\t\t\t<\/div>\n\t\t\t\t\t<\/div>\n\t\t<\/div>\n\t\t\t\t\t<\/div>\n\t\t<\/section>\n\t\t\t\t<section class=\"elementor-section elementor-top-section elementor-element elementor-element-0ccab29 elementor-section-boxed elementor-section-height-default elementor-section-height-default\" data-id=\"0ccab29\" data-element_type=\"section\" data-e-type=\"section\">\n\t\t\t\t\t\t<div class=\"elementor-container elementor-column-gap-default\">\n\t\t\t\t\t<div class=\"elementor-column elementor-col-100 elementor-top-column elementor-element elementor-element-fa4e870\" data-id=\"fa4e870\" data-element_type=\"column\" data-e-type=\"column\">\n\t\t\t<div class=\"elementor-widget-wrap elementor-element-populated\">\n\t\t\t\t\t\t<div class=\"elementor-element elementor-element-3d44da4 elementor-widget-divider--view-line elementor-widget elementor-widget-divider\" data-id=\"3d44da4\" data-element_type=\"widget\" data-e-type=\"widget\" data-widget_type=\"divider.default\">\n\t\t\t\t<div class=\"elementor-widget-container\">\n\t\t\t\t\t\t\t<div class=\"elementor-divider\">\n\t\t\t<span class=\"elementor-divider-separator\">\n\t\t\t\t\t\t<\/span>\n\t\t<\/div>\n\t\t\t\t\t\t<\/div>\n\t\t\t\t<\/div>\n\t\t\t\t\t<\/div>\n\t\t<\/div>\n\t\t\t\t\t<\/div>\n\t\t<\/section>\n\t\t\t\t<section class=\"elementor-section elementor-top-section elementor-element elementor-element-2e3e30d elementor-section-boxed elementor-section-height-default elementor-section-height-default\" data-id=\"2e3e30d\" data-element_type=\"section\" data-e-type=\"section\">\n\t\t\t\t\t\t<div class=\"elementor-container elementor-column-gap-default\">\n\t\t\t\t\t<div class=\"elementor-column elementor-col-100 elementor-top-column elementor-element elementor-element-8d9b489\" data-id=\"8d9b489\" data-element_type=\"column\" data-e-type=\"column\">\n\t\t\t<div class=\"elementor-widget-wrap\">\n\t\t\t\t\t\t\t<\/div>\n\t\t<\/div>\n\t\t\t\t\t<\/div>\n\t\t<\/section>\n\t\t\t\t<section class=\"elementor-section elementor-top-section elementor-element elementor-element-b93c824 elementor-section-boxed elementor-section-height-default elementor-section-height-default\" data-id=\"b93c824\" data-element_type=\"section\" data-e-type=\"section\">\n\t\t\t\t\t\t<div class=\"elementor-container elementor-column-gap-default\">\n\t\t\t\t\t<div class=\"elementor-column elementor-col-100 elementor-top-column elementor-element elementor-element-ae4c8f6\" data-id=\"ae4c8f6\" data-element_type=\"column\" data-e-type=\"column\">\n\t\t\t<div class=\"elementor-widget-wrap\">\n\t\t\t\t\t\t\t<\/div>\n\t\t<\/div>\n\t\t\t\t\t<\/div>\n\t\t<\/section>\n\t\t\t\t<section class=\"elementor-section elementor-top-section elementor-element elementor-element-1877c73 elementor-section-boxed elementor-section-height-default elementor-section-height-default\" data-id=\"1877c73\" data-element_type=\"section\" data-e-type=\"section\">\n\t\t\t\t\t\t<div class=\"elementor-container elementor-column-gap-default\">\n\t\t\t\t\t<div class=\"elementor-column elementor-col-100 elementor-top-column elementor-element elementor-element-1ae197d\" data-id=\"1ae197d\" data-element_type=\"column\" data-e-type=\"column\">\n\t\t\t<div class=\"elementor-widget-wrap elementor-element-populated\">\n\t\t\t\t\t\t<div class=\"elementor-element elementor-element-1d40480 elementor-widget elementor-widget-text-editor\" data-id=\"1d40480\" data-element_type=\"widget\" data-e-type=\"widget\" data-widget_type=\"text-editor.default\">\n\t\t\t\t<div class=\"elementor-widget-container\">\n\t\t\t\t\t\t\t\t\t<p>Soy Javier D`Elia, fot\u00f3grafo y vide\u00f3grafo apasionado por contar historias reales a trav\u00e9s de mi c\u00e1mara. A lo largo de mi trayectoria he tenido la oportunidad de trabajar en distintos sectores de la fotograf\u00eda y el v\u00eddeo, lo que me ha permitido desarrollar una mirada vers\u00e1til y creativa. Sin embargo, donde realmente encuentro mi mayor inspiraci\u00f3n es en las bodas. Me encanta capturar cada emoci\u00f3n, cada mirada y cada detalle que hacen de ese d\u00eda algo \u00fanico e irrepetible. Disfruto profundamente de lo que hago y me esfuerzo por que cada imagen y cada v\u00eddeo transmitan la esencia, la emoci\u00f3n y la belleza de cada historia de amor que tengo la suerte de documentar.<\/p>\t\t\t\t\t\t\t\t<\/div>\n\t\t\t\t<\/div>\n\t\t\t\t<div class=\"elementor-element elementor-element-c45c89e animated-slow elementor-invisible elementor-widget elementor-widget-image\" data-id=\"c45c89e\" data-element_type=\"widget\" data-e-type=\"widget\" data-settings=\"{&quot;_animation&quot;:&quot;fadeIn&quot;,&quot;_animation_delay&quot;:20}\" data-widget_type=\"image.default\">\n\t\t\t\t<div class=\"elementor-widget-container\">\n\t\t\t\t\t\t\t\t\t\t\t\t\t\t\t<img decoding=\"async\" src=\"https:\/\/javierdelia.com\/wp-content\/uploads\/elementor\/thumbs\/Boda.Nostra-17-rd17q2kub9dxl5nq7x21tfk6vqy9t2stwx606eqha8.jpg\" title=\"Boda.Nostra-17\" alt=\"Boda.Nostra-17\" loading=\"lazy\" \/>\t\t\t\t\t\t\t\t\t\t\t\t\t\t\t<\/div>\n\t\t\t\t<\/div>\n\t\t\t\t\t<\/div>\n\t\t<\/div>\n\t\t\t\t\t<\/div>\n\t\t<\/section>\n\t\t\t\t<\/div>\n\t\t","protected":false},"excerpt":{"rendered":"<p>Soy Javier D`Elia, fot\u00f3grafo y vide\u00f3grafo apasionado por contar historias reales a trav\u00e9s de mi c\u00e1mara. A lo largo de mi trayectoria he tenido la oportunidad de trabajar en distintos sectores de la fotograf\u00eda y el v\u00eddeo, lo que me ha permitido desarrollar una mirada vers\u00e1til y creativa. Sin embargo, donde realmente encuentro mi mayor &hellip;<\/p>\n","protected":false},"author":1,"featured_media":0,"parent":0,"menu_order":0,"comment_status":"closed","ping_status":"closed","template":"template-builder.php","meta":{"footnotes":""},"class_list":["post-88","page","type-page","status-publish","hentry"],"_links":{"self":[{"href":"https:\/\/javierdelia.com\/index.php\/wp-json\/wp\/v2\/pages\/88","targetHints":{"allow":["GET"]}}],"collection":[{"href":"https:\/\/javierdelia.com\/index.php\/wp-json\/wp\/v2\/pages"}],"about":[{"href":"https:\/\/javierdelia.com\/index.php\/wp-json\/wp\/v2\/types\/page"}],"author":[{"embeddable":true,"href":"https:\/\/javierdelia.com\/index.php\/wp-json\/wp\/v2\/users\/1"}],"replies":[{"embeddable":true,"href":"https:\/\/javierdelia.com\/index.php\/wp-json\/wp\/v2\/comments?post=88"}],"version-history":[{"count":49,"href":"https:\/\/javierdelia.com\/index.php\/wp-json\/wp\/v2\/pages\/88\/revisions"}],"predecessor-version":[{"id":462,"href":"https:\/\/javierdelia.com\/index.php\/wp-json\/wp\/v2\/pages\/88\/revisions\/462"}],"wp:attachment":[{"href":"https:\/\/javierdelia.com\/index.php\/wp-json\/wp\/v2\/media?parent=88"}],"curies":[{"name":"wp","href":"https:\/\/api.w.org\/{rel}","templated":true}]}}